{"id":18771,"date":"2024-03-20T07:02:23","date_gmt":"2024-03-20T15:02:23","guid":{"rendered":"https:\/\/integratechem.com\/geri-bildirim\/"},"modified":"2026-03-28T01:34:22","modified_gmt":"2026-03-28T09:34:22","slug":"inquiry","status":"publish","type":"page","link":"https:\/\/integratechem.com\/tr\/inquiry\/","title":{"rendered":"Geri bildirim"},"content":{"rendered":"\t\t<div data-elementor-type=\"wp-page\" data-elementor-id=\"18771\" class=\"elementor elementor-18771 elementor-11663\" data-elementor-post-type=\"page\">\n\t\t\t\t<div class=\"elementor-element elementor-element-4d8efa3 e-flex e-con-boxed e-con e-parent\" data-id=\"4d8efa3\" data-element_type=\"container\" data-e-type=\"container\">\n\t\t\t\t\t<div class=\"e-con-inner\">\n\t\t\t\t<div class=\"elementor-element elementor-element-2029af1 elementor-align-right elementor-widget elementor-widget-breadcrumbs\" data-id=\"2029af1\" data-element_type=\"widget\" data-e-type=\"widget\" data-widget_type=\"breadcrumbs.default\">\n\t\t\t\t<div class=\"elementor-widget-container\">\n\t\t\t\t\t<p id=\"breadcrumbs\"><span><span><a href=\"https:\/\/integratechem.com\/tr\/home\/\">Home<\/a><\/span><\/span><\/p>\t\t\t\t<\/div>\n\t\t\t\t<\/div>\n\t\t\t\t<div class=\"elementor-element elementor-element-a69f237 elementor-widget elementor-widget-heading\" data-id=\"a69f237\" data-element_type=\"widget\" data-e-type=\"widget\" data-widget_type=\"heading.default\">\n\t\t\t\t<div class=\"elementor-widget-container\">\n\t\t\t\t\t<h2 class=\"elementor-heading-title elementor-size-default\">Geri bildirim<\/h2>\t\t\t\t<\/div>\n\t\t\t\t<\/div>\n\t\t\t\t<div class=\"elementor-element elementor-element-8be92ec elementor-widget-divider--view-line elementor-widget elementor-widget-divider\" data-id=\"8be92ec\" data-element_type=\"widget\" data-e-type=\"widget\" data-widget_type=\"divider.default\">\n\t\t\t\t<div class=\"elementor-widget-container\">\n\t\t\t\t\t\t\t<div class=\"elementor-divider\">\n\t\t\t<span class=\"elementor-divider-separator\">\n\t\t\t\t\t\t<\/span>\n\t\t<\/div>\n\t\t\t\t\t\t<\/div>\n\t\t\t\t<\/div>\n\t\t\t\t<div class=\"elementor-element elementor-element-4487bcd elementor-widget-divider--view-line elementor-widget elementor-widget-divider\" data-id=\"4487bcd\" data-element_type=\"widget\" data-e-type=\"widget\" data-widget_type=\"divider.default\">\n\t\t\t\t<div class=\"elementor-widget-container\">\n\t\t\t\t\t\t\t<div class=\"elementor-divider\">\n\t\t\t<span class=\"elementor-divider-separator\">\n\t\t\t\t\t\t<\/span>\n\t\t<\/div>\n\t\t\t\t\t\t<\/div>\n\t\t\t\t<\/div>\n\t\t\t\t<div class=\"elementor-element elementor-element-a11be91 elementor-widget elementor-widget-text-editor\" data-id=\"a11be91\" data-element_type=\"widget\" data-e-type=\"widget\" data-widget_type=\"text-editor.default\">\n\t\t\t\t<div class=\"elementor-widget-container\">\n\t\t\t\t\t\t\t\t\t<p><span style=\"color: #333333;\">Teklif veya i\u015fbirli\u011fi hakk\u0131nda herhangi bir sorunuz varsa, l\u00fctfen <a href=\"mailto:info@integratechem.com\">info@integratechem.com<\/a> adresine bir e-posta g\u00f6ndermekten veya a\u015fa\u011f\u0131daki sorgulama formunu kullanmaktan \u00e7ekinmeyin. Sat\u0131\u015f temsilcimiz 24 saat i\u00e7inde sizinle ileti\u015fime ge\u00e7ecektir. \u00dcr\u00fcnlerimize g\u00f6sterdi\u011finiz ilgi i\u00e7in te\u015fekk\u00fcr ederiz.  <\/span><\/p>\t\t\t\t\t\t\t\t<\/div>\n\t\t\t\t<\/div>\n\t\t\t\t\t<\/div>\n\t\t\t\t<\/div>\n\t\t<div class=\"elementor-element elementor-element-4a373c6 e-flex e-con-boxed e-con e-parent\" data-id=\"4a373c6\" data-element_type=\"container\" data-e-type=\"container\">\n\t\t\t\t\t<div class=\"e-con-inner\">\n\t\t\t\t<div class=\"elementor-element elementor-element-47b4679 elementor-button-align-stretch elementor-widget elementor-widget-form\" data-id=\"47b4679\" data-element_type=\"widget\" data-e-type=\"widget\" data-settings=\"{&quot;step_next_label&quot;:&quot;Sonraki&quot;,&quot;step_previous_label&quot;:&quot;\\u00d6nceki&quot;,&quot;button_width&quot;:&quot;100&quot;,&quot;step_type&quot;:&quot;number_text&quot;,&quot;step_icon_shape&quot;:&quot;circle&quot;}\" data-widget_type=\"form.default\">\n\t\t\t\t<div class=\"elementor-widget-container\">\n\t\t\t\t\t\t\t<form class=\"elementor-form\" method=\"post\" name=\"Yeni Form\" aria-label=\"Yeni Form\">\n\t\t\t<input type=\"hidden\" name=\"post_id\" value=\"18771\"\/>\n\t\t\t<input type=\"hidden\" name=\"form_id\" value=\"47b4679\"\/>\n\t\t\t<input type=\"hidden\" name=\"referer_title\" value=\"Geri bildirim - Weifang Integratechem Co., Ltd.\" \/>\n\n\t\t\t\t\t\t\t<input type=\"hidden\" name=\"queried_id\" value=\"18771\"\/>\n\t\t\t\n\t\t\t<div class=\"elementor-form-fields-wrapper elementor-labels-above\">\n\t\t\t\t\t\t\t\t<div class=\"elementor-field-type-text elementor-field-group elementor-column elementor-field-group-name elementor-col-100\">\n\t\t\t\t\t\t\t\t\t\t\t\t<label for=\"form-field-name\" class=\"elementor-field-label\">\n\t\t\t\t\t\t\t\t\u0130sim\t\t\t\t\t\t\t<\/label>\n\t\t\t\t\t\t\t\t\t\t\t\t\t\t<input size=\"1\" type=\"text\" name=\"form_fields[name]\" id=\"form-field-name\" class=\"elementor-field elementor-size-sm  elementor-field-textual\" placeholder=\"\u0130sim\">\n\t\t\t\t\t\t\t\t\t\t\t<\/div>\n\t\t\t\t\t\t\t\t<div class=\"elementor-field-type-email elementor-field-group elementor-column elementor-field-group-email elementor-col-100 elementor-field-required\">\n\t\t\t\t\t\t\t\t\t\t\t\t<label for=\"form-field-email\" class=\"elementor-field-label\">\n\t\t\t\t\t\t\t\tE-posta *\t\t\t\t\t\t\t<\/label>\n\t\t\t\t\t\t\t\t\t\t\t\t\t\t<input size=\"1\" type=\"email\" name=\"form_fields[email]\" id=\"form-field-email\" class=\"elementor-field elementor-size-sm  elementor-field-textual\" placeholder=\"E-posta *\" required=\"required\">\n\t\t\t\t\t\t\t\t\t\t\t<\/div>\n\t\t\t\t\t\t\t\t<div class=\"elementor-field-type-textarea elementor-field-group elementor-column elementor-field-group-message elementor-col-100 elementor-field-required\">\n\t\t\t\t\t\t\t\t\t\t\t\t<label for=\"form-field-message\" class=\"elementor-field-label\">\n\t\t\t\t\t\t\t\tMesaj *\t\t\t\t\t\t\t<\/label>\n\t\t\t\t\t\t<textarea class=\"elementor-field-textual elementor-field  elementor-size-sm\" name=\"form_fields[message]\" id=\"form-field-message\" rows=\"4\" placeholder=\"Mesaj *\" required=\"required\"><\/textarea>\t\t\t\t<\/div>\n\t\t\t\t\t\t\t\t<div class=\"elementor-field-type-text\">\n\t\t\t\t\t<input size=\"1\" type=\"text\" name=\"form_fields[field_65387df]\" id=\"form-field-field_65387df\" class=\"elementor-field elementor-size-sm \" style=\"display:none !important;\">\t\t\t\t<\/div>\n\t\t\t\t\t\t\t\t<div class=\"elementor-field-group elementor-column elementor-field-type-submit elementor-col-100 e-form__buttons\">\n\t\t\t\t\t<button class=\"elementor-button elementor-size-sm elementor-animation-grow\" type=\"submit\">\n\t\t\t\t\t\t<span class=\"elementor-button-content-wrapper\">\n\t\t\t\t\t\t\t\t\t\t\t\t\t\t\t\t\t\t\t\t\t\t<span class=\"elementor-button-text\">G\u00f6nder<\/span>\n\t\t\t\t\t\t\t\t\t\t\t\t\t<\/span>\n\t\t\t\t\t<\/button>\n\t\t\t\t<\/div>\n\t\t\t<\/div>\n\t\t<\/form>\n\t\t\t\t\t\t<\/div>\n\t\t\t\t<\/div>\n\t\t\t\t\t<\/div>\n\t\t\t\t<\/div>\n\t\t\t\t<\/div>\n\t\t","protected":false},"excerpt":{"rendered":"<p>Geri bildirim Teklif veya i\u015fbirli\u011fi hakk\u0131nda herhangi bir sorunuz varsa, l\u00fctfen info@integratechem.com adresine bir e-posta g\u00f6ndermekten veya a\u015fa\u011f\u0131daki sorgulama formunu [&hellip;]<\/p>\n","protected":false},"author":2,"featured_media":0,"parent":0,"menu_order":0,"comment_status":"closed","ping_status":"closed","template":"","meta":{"nf_dc_page":"","_uag_custom_page_level_css":"","_monsterinsights_skip_tracking":false,"_monsterinsights_sitenote_active":false,"_monsterinsights_sitenote_note":"","_monsterinsights_sitenote_category":0,"site-sidebar-layout":"no-sidebar","site-content-layout":"","ast-site-content-layout":"full-width-container","site-content-style":"default","site-sidebar-style":"default","ast-global-header-display":"","ast-banner-title-visibility":"","ast-main-header-display":"","ast-hfb-above-header-display":"","ast-hfb-below-header-display":"","ast-hfb-mobile-header-display":"","site-post-title":"disabled","ast-breadcrumbs-content":"","ast-featured-img":"disabled","footer-sml-layout":"","ast-disable-related-posts":"","theme-transparent-header-meta":"","adv-header-id-meta":"","stick-header-meta":"","header-above-stick-meta":"","header-main-stick-meta":"","header-below-stick-meta":"","astra-migrate-meta-layouts":"default","ast-page-background-enabled":"default","ast-page-background-meta":{"desktop":{"background-color":"var(--ast-global-color-4)","background-image":"","background-repeat":"repeat","background-position":"center center","background-size":"auto","background-attachment":"scroll","background-type":"","background-media":"","overlay-type":"","overlay-color":"","overlay-opacity":"","overlay-gradient":""},"tablet":{"background-color":"","background-image":"","background-repeat":"repeat","background-position":"center center","background-size":"auto","background-attachment":"scroll","background-type":"","background-media":"","overlay-type":"","overlay-color":"","overlay-opacity":"","overlay-gradient":""},"mobile":{"background-color":"","background-image":"","background-repeat":"repeat","background-position":"center center","background-size":"auto","background-attachment":"scroll","background-type":"","background-media":"","overlay-type":"","overlay-color":"","overlay-opacity":"","overlay-gradient":""}},"ast-content-background-meta":{"desktop":{"background-color":"var(--ast-global-color-5)","background-image":"","background-repeat":"repeat","background-position":"center center","background-size":"auto","background-attachment":"scroll","background-type":"","background-media":"","overlay-type":"","overlay-color":"","overlay-opacity":"","overlay-gradient":""},"tablet":{"background-color":"var(--ast-global-color-5)","background-image":"","background-repeat":"repeat","background-position":"center center","background-size":"auto","background-attachment":"scroll","background-type":"","background-media":"","overlay-type":"","overlay-color":"","overlay-opacity":"","overlay-gradient":""},"mobile":{"background-color":"var(--ast-global-color-5)","background-image":"","background-repeat":"repeat","background-position":"center center","background-size":"auto","background-attachment":"scroll","background-type":"","background-media":"","overlay-type":"","overlay-color":"","overlay-opacity":"","overlay-gradient":""}},"footnotes":""},"class_list":["post-18771","page","type-page","status-publish","hentry"],"yoast_head":"<!-- This site is optimized with the Yoast SEO Premium plugin v27.2 (Yoast SEO v27.4) - https:\/\/yoast.com\/product\/yoast-seo-premium-wordpress\/ -->\n<title>Geri bildirim - Weifang Integratechem Co., Ltd.<\/title>\n<meta name=\"description\" content=\"Geri bildirim\" \/>\n<meta name=\"robots\" content=\"index, follow, max-snippet:-1, max-image-preview:large, max-video-preview:-1\" \/>\n<link rel=\"canonical\" href=\"https:\/\/integratechem.com\/tr\/inquiry\/\" \/>\n<meta property=\"og:locale\" content=\"tr_TR\" \/>\n<meta property=\"og:type\" content=\"article\" \/>\n<meta property=\"og:title\" content=\"Geri bildirim\" \/>\n<meta property=\"og:description\" content=\"Geri bildirim\" \/>\n<meta property=\"og:url\" content=\"https:\/\/integratechem.com\/tr\/inquiry\/\" \/>\n<meta property=\"og:site_name\" content=\"Weifang Integratechem Co., Ltd.\" \/>\n<meta property=\"article:modified_time\" content=\"2026-03-28T09:34:22+00:00\" \/>\n<meta name=\"twitter:card\" content=\"summary_large_image\" \/>\n<script type=\"application\/ld+json\" class=\"yoast-schema-graph\">{\"@context\":\"https:\\\/\\\/schema.org\",\"@graph\":[{\"@type\":\"WebPage\",\"@id\":\"https:\\\/\\\/integratechem.com\\\/tr\\\/inquiry\\\/\",\"url\":\"https:\\\/\\\/integratechem.com\\\/tr\\\/inquiry\\\/\",\"name\":\"Geri bildirim - Weifang Integratechem Co., Ltd.\",\"isPartOf\":{\"@id\":\"https:\\\/\\\/integratechem.com\\\/tr\\\/#website\"},\"datePublished\":\"2024-03-20T15:02:23+00:00\",\"dateModified\":\"2026-03-28T09:34:22+00:00\",\"description\":\"Geri bildirim\",\"breadcrumb\":{\"@id\":\"https:\\\/\\\/integratechem.com\\\/tr\\\/inquiry\\\/#breadcrumb\"},\"inLanguage\":\"tr\",\"potentialAction\":[{\"@type\":\"ReadAction\",\"target\":[\"https:\\\/\\\/integratechem.com\\\/tr\\\/inquiry\\\/\"]}]},{\"@type\":\"BreadcrumbList\",\"@id\":\"https:\\\/\\\/integratechem.com\\\/tr\\\/inquiry\\\/#breadcrumb\",\"itemListElement\":[{\"@type\":\"ListItem\",\"position\":1,\"name\":\"Home\",\"item\":\"https:\\\/\\\/integratechem.com\\\/tr\\\/home\\\/\"},{\"@type\":\"ListItem\",\"position\":2,\"name\":\"Geri bildirim\"}]},{\"@type\":\"WebSite\",\"@id\":\"https:\\\/\\\/integratechem.com\\\/tr\\\/#website\",\"url\":\"https:\\\/\\\/integratechem.com\\\/tr\\\/\",\"name\":\"Weifang Integratechem Co., Ltd.\",\"description\":\"Organic Esters Manufacturers and Suppliers China - Factory - Integratechem\",\"publisher\":{\"@id\":\"https:\\\/\\\/integratechem.com\\\/tr\\\/#organization\"},\"alternateName\":\"Integratechem\",\"potentialAction\":[{\"@type\":\"SearchAction\",\"target\":{\"@type\":\"EntryPoint\",\"urlTemplate\":\"https:\\\/\\\/integratechem.com\\\/tr\\\/?s={search_term_string}\"},\"query-input\":{\"@type\":\"PropertyValueSpecification\",\"valueRequired\":true,\"valueName\":\"search_term_string\"}}],\"inLanguage\":\"tr\"},{\"@type\":\"Organization\",\"@id\":\"https:\\\/\\\/integratechem.com\\\/tr\\\/#organization\",\"name\":\"Weifang Integratechem Co., Ltd.\",\"alternateName\":\"Integratechem\",\"url\":\"https:\\\/\\\/integratechem.com\\\/tr\\\/\",\"logo\":{\"@type\":\"ImageObject\",\"inLanguage\":\"tr\",\"@id\":\"https:\\\/\\\/integratechem.com\\\/tr\\\/#\\\/schema\\\/logo\\\/image\\\/\",\"url\":\"https:\\\/\\\/i0.wp.com\\\/integratechem.com\\\/wp-content\\\/uploads\\\/2022\\\/04\\\/Logo_v1.0.png?fit=613%2C148&ssl=1\",\"contentUrl\":\"https:\\\/\\\/i0.wp.com\\\/integratechem.com\\\/wp-content\\\/uploads\\\/2022\\\/04\\\/Logo_v1.0.png?fit=613%2C148&ssl=1\",\"width\":613,\"height\":148,\"caption\":\"Weifang Integratechem Co., Ltd.\"},\"image\":{\"@id\":\"https:\\\/\\\/integratechem.com\\\/tr\\\/#\\\/schema\\\/logo\\\/image\\\/\"},\"description\":\"Weifang Integrated Chemical Co., Ltd is located in Weifang City, China. We are a leading, experienced and professional supplier of organic ester chemicals. Currently, we produce and supply a series of organic ester products, which are used as solvents, plasticizers and organic synthesis intermediates for the production of coatings, inks, adhesives, plastics, resins, rubber, pesticides, etc. We are continuously committed to providing customers with high-quality products, competitive prices and continuous services to meet customer needs. Over the years, our products have been exported to Asia, Europe, the Middle East, America and other countries and regions, and have been well received by users and have won a good reputation. We work closely with our customers to deliver products and solutions that create value and competitive advantage. Companies or organizations from all over the world are warmly welcome to contact us to discuss business and cooperation.\",\"email\":\"info@integratechem.com\",\"telephone\":\"+86 536 8956913\",\"legalName\":\"Weifang Integratechem Co., Ltd.\"}]}<\/script>\n<!-- \/ Yoast SEO Premium plugin. -->","yoast_head_json":{"title":"Geri bildirim - Weifang Integratechem Co., Ltd.","description":"Geri bildirim","robots":{"index":"index","follow":"follow","max-snippet":"max-snippet:-1","max-image-preview":"max-image-preview:large","max-video-preview":"max-video-preview:-1"},"canonical":"https:\/\/integratechem.com\/tr\/inquiry\/","og_locale":"tr_TR","og_type":"article","og_title":"Geri bildirim","og_description":"Geri bildirim","og_url":"https:\/\/integratechem.com\/tr\/inquiry\/","og_site_name":"Weifang Integratechem Co., Ltd.","article_modified_time":"2026-03-28T09:34:22+00:00","twitter_card":"summary_large_image","schema":{"@context":"https:\/\/schema.org","@graph":[{"@type":"WebPage","@id":"https:\/\/integratechem.com\/tr\/inquiry\/","url":"https:\/\/integratechem.com\/tr\/inquiry\/","name":"Geri bildirim - Weifang Integratechem Co., Ltd.","isPartOf":{"@id":"https:\/\/integratechem.com\/tr\/#website"},"datePublished":"2024-03-20T15:02:23+00:00","dateModified":"2026-03-28T09:34:22+00:00","description":"Geri bildirim","breadcrumb":{"@id":"https:\/\/integratechem.com\/tr\/inquiry\/#breadcrumb"},"inLanguage":"tr","potentialAction":[{"@type":"ReadAction","target":["https:\/\/integratechem.com\/tr\/inquiry\/"]}]},{"@type":"BreadcrumbList","@id":"https:\/\/integratechem.com\/tr\/inquiry\/#breadcrumb","itemListElement":[{"@type":"ListItem","position":1,"name":"Home","item":"https:\/\/integratechem.com\/tr\/home\/"},{"@type":"ListItem","position":2,"name":"Geri bildirim"}]},{"@type":"WebSite","@id":"https:\/\/integratechem.com\/tr\/#website","url":"https:\/\/integratechem.com\/tr\/","name":"Weifang Integratechem Co., Ltd.","description":"Organic Esters Manufacturers and Suppliers China - Factory - Integratechem","publisher":{"@id":"https:\/\/integratechem.com\/tr\/#organization"},"alternateName":"Integratechem","potentialAction":[{"@type":"SearchAction","target":{"@type":"EntryPoint","urlTemplate":"https:\/\/integratechem.com\/tr\/?s={search_term_string}"},"query-input":{"@type":"PropertyValueSpecification","valueRequired":true,"valueName":"search_term_string"}}],"inLanguage":"tr"},{"@type":"Organization","@id":"https:\/\/integratechem.com\/tr\/#organization","name":"Weifang Integratechem Co., Ltd.","alternateName":"Integratechem","url":"https:\/\/integratechem.com\/tr\/","logo":{"@type":"ImageObject","inLanguage":"tr","@id":"https:\/\/integratechem.com\/tr\/#\/schema\/logo\/image\/","url":"https:\/\/i0.wp.com\/integratechem.com\/wp-content\/uploads\/2022\/04\/Logo_v1.0.png?fit=613%2C148&ssl=1","contentUrl":"https:\/\/i0.wp.com\/integratechem.com\/wp-content\/uploads\/2022\/04\/Logo_v1.0.png?fit=613%2C148&ssl=1","width":613,"height":148,"caption":"Weifang Integratechem Co., Ltd."},"image":{"@id":"https:\/\/integratechem.com\/tr\/#\/schema\/logo\/image\/"},"description":"Weifang Integrated Chemical Co., Ltd is located in Weifang City, China. We are a leading, experienced and professional supplier of organic ester chemicals. Currently, we produce and supply a series of organic ester products, which are used as solvents, plasticizers and organic synthesis intermediates for the production of coatings, inks, adhesives, plastics, resins, rubber, pesticides, etc. We are continuously committed to providing customers with high-quality products, competitive prices and continuous services to meet customer needs. Over the years, our products have been exported to Asia, Europe, the Middle East, America and other countries and regions, and have been well received by users and have won a good reputation. We work closely with our customers to deliver products and solutions that create value and competitive advantage. Companies or organizations from all over the world are warmly welcome to contact us to discuss business and cooperation.","email":"info@integratechem.com","telephone":"+86 536 8956913","legalName":"Weifang Integratechem Co., Ltd."}]}},"uagb_featured_image_src":{"full":false,"thumbnail":false,"medium":false,"medium_large":false,"large":false,"1536x1536":false,"2048x2048":false},"uagb_author_info":{"display_name":"Hongjian Wang","author_link":"https:\/\/integratechem.com\/tr\/author\/wanghongjian1088\/"},"uagb_comment_info":0,"uagb_excerpt":"Geri bildirim Teklif veya i\u015fbirli\u011fi hakk\u0131nda herhangi bir sorunuz varsa, l\u00fctfen info@integratechem.com adresine bir e-posta g\u00f6ndermekten veya a\u015fa\u011f\u0131daki sorgulama formunu [&hellip;]","jetpack_sharing_enabled":true,"_links":{"self":[{"href":"https:\/\/integratechem.com\/tr\/wp-json\/wp\/v2\/pages\/18771","targetHints":{"allow":["GET"]}}],"collection":[{"href":"https:\/\/integratechem.com\/tr\/wp-json\/wp\/v2\/pages"}],"about":[{"href":"https:\/\/integratechem.com\/tr\/wp-json\/wp\/v2\/types\/page"}],"author":[{"embeddable":true,"href":"https:\/\/integratechem.com\/tr\/wp-json\/wp\/v2\/users\/2"}],"replies":[{"embeddable":true,"href":"https:\/\/integratechem.com\/tr\/wp-json\/wp\/v2\/comments?post=18771"}],"version-history":[{"count":1,"href":"https:\/\/integratechem.com\/tr\/wp-json\/wp\/v2\/pages\/18771\/revisions"}],"predecessor-version":[{"id":18772,"href":"https:\/\/integratechem.com\/tr\/wp-json\/wp\/v2\/pages\/18771\/revisions\/18772"}],"wp:attachment":[{"href":"https:\/\/integratechem.com\/tr\/wp-json\/wp\/v2\/media?parent=18771"}],"curies":[{"name":"wp","href":"https:\/\/api.w.org\/{rel}","templated":true}]}}