{"id":18769,"date":"2024-03-20T06:59:42","date_gmt":"2024-03-20T14:59:42","guid":{"rendered":"https:\/\/integratechem.com\/sergi\/"},"modified":"2024-11-07T19:05:00","modified_gmt":"2024-11-08T03:05:00","slug":"info","status":"publish","type":"page","link":"https:\/\/integratechem.com\/tr\/info\/","title":{"rendered":"Sergi"},"content":{"rendered":"\t\t<div data-elementor-type=\"wp-page\" data-elementor-id=\"18769\" class=\"elementor elementor-18769 elementor-11661\" data-elementor-post-type=\"page\">\n\t\t\t\t<div class=\"elementor-element elementor-element-0f43070 e-flex e-con-boxed e-con e-parent\" data-id=\"0f43070\" data-element_type=\"container\" data-e-type=\"container\" data-settings=\"{&quot;background_background&quot;:&quot;classic&quot;}\">\n\t\t\t\t\t<div class=\"e-con-inner\">\n\t\t\t\t\t<\/div>\n\t\t\t\t<\/div>\n\t\t<div class=\"elementor-element elementor-element-a08fa7b e-flex e-con-boxed e-con e-parent\" data-id=\"a08fa7b\" data-element_type=\"container\" data-e-type=\"container\">\n\t\t\t\t\t<div class=\"e-con-inner\">\n\t\t<div class=\"elementor-element elementor-element-f00f4ca e-con-full e-flex e-con e-child\" data-id=\"f00f4ca\" data-element_type=\"container\" data-e-type=\"container\" data-settings=\"{&quot;motion_fx_motion_fx_scrolling&quot;:&quot;yes&quot;,&quot;motion_fx_devices&quot;:[&quot;desktop&quot;,&quot;tablet&quot;,&quot;mobile&quot;]}\">\n\t\t\t\t<div class=\"elementor-element elementor-element-b5c326a elementor-widget elementor-widget-heading\" data-id=\"b5c326a\" data-element_type=\"widget\" data-e-type=\"widget\" data-widget_type=\"heading.default\">\n\t\t\t\t<div class=\"elementor-widget-container\">\n\t\t\t\t\t<span class=\"elementor-heading-title elementor-size-default\">\u0130lgili Ba\u011flant\u0131lar<\/span>\t\t\t\t<\/div>\n\t\t\t\t<\/div>\n\t\t\t\t<div class=\"elementor-element elementor-element-e26773f elementor-widget elementor-widget-heading\" data-id=\"e26773f\" data-element_type=\"widget\" data-e-type=\"widget\" data-widget_type=\"heading.default\">\n\t\t\t\t<div class=\"elementor-widget-container\">\n\t\t\t\t\t<span class=\"elementor-heading-title elementor-size-default\"><a href=\"https:\/\/integratechem.com\/cas-no-77-94-1\/\">CAS No 77 94 1<\/a><\/span>\t\t\t\t<\/div>\n\t\t\t\t<\/div>\n\t\t\t\t<div class=\"elementor-element elementor-element-cad933a elementor-widget elementor-widget-heading\" data-id=\"cad933a\" data-element_type=\"widget\" data-e-type=\"widget\" data-widget_type=\"heading.default\">\n\t\t\t\t<div class=\"elementor-widget-container\">\n\t\t\t\t\t<span class=\"elementor-heading-title elementor-size-default\"><a href=\"https:\/\/integratechem.com\/cas-no-77-89-4\/\">CAS No 77 89 4<\/a><\/span>\t\t\t\t<\/div>\n\t\t\t\t<\/div>\n\t\t\t\t<div class=\"elementor-element elementor-element-b90ead3 elementor-widget elementor-widget-heading\" data-id=\"b90ead3\" data-element_type=\"widget\" data-e-type=\"widget\" data-widget_type=\"heading.default\">\n\t\t\t\t<div class=\"elementor-widget-container\">\n\t\t\t\t\t<span class=\"elementor-heading-title elementor-size-default\"><a href=\"https:\/\/integratechem.com\/high-purity-tributyl-citrate-plasticizer\/\">Y\u00fcksek Safl\u0131kta Tributil Sitrat Ak\u0131\u015fkanla\u015ft\u0131r\u0131c\u0131<\/a><\/span>\t\t\t\t<\/div>\n\t\t\t\t<\/div>\n\t\t\t\t<div class=\"elementor-element elementor-element-13382e3 elementor-widget elementor-widget-heading\" data-id=\"13382e3\" data-element_type=\"widget\" data-e-type=\"widget\" data-widget_type=\"heading.default\">\n\t\t\t\t<div class=\"elementor-widget-container\">\n\t\t\t\t\t<span class=\"elementor-heading-title elementor-size-default\"><a href=\"https:\/\/integratechem.com\/dimethyl-phthalate\/\">Dimetil Ftalat<\/a><\/span>\t\t\t\t<\/div>\n\t\t\t\t<\/div>\n\t\t\t\t<div class=\"elementor-element elementor-element-d35d50d elementor-widget elementor-widget-heading\" data-id=\"d35d50d\" data-element_type=\"widget\" data-e-type=\"widget\" data-widget_type=\"heading.default\">\n\t\t\t\t<div class=\"elementor-widget-container\">\n\t\t\t\t\t<span class=\"elementor-heading-title elementor-size-default\"><a href=\"https:\/\/integratechem.com\/dibutyl-adipate\/\">Dib\u00fctil Adipat<\/a><\/span>\t\t\t\t<\/div>\n\t\t\t\t<\/div>\n\t\t\t\t<div class=\"elementor-element elementor-element-0173ec5 elementor-widget elementor-widget-heading\" data-id=\"0173ec5\" data-element_type=\"widget\" data-e-type=\"widget\" data-widget_type=\"heading.default\">\n\t\t\t\t<div class=\"elementor-widget-container\">\n\t\t\t\t\t<span class=\"elementor-heading-title elementor-size-default\"><a href=\"https:\/\/integratechem.com\/tr\/contact-us\/\">Bize Ula\u015f\u0131n<\/a><\/span>\t\t\t\t<\/div>\n\t\t\t\t<\/div>\n\t\t\t\t<div class=\"elementor-element elementor-element-b6f504e elementor-align-start elementor-icon-list--layout-traditional elementor-list-item-link-full_width elementor-widget elementor-widget-icon-list\" data-id=\"b6f504e\" data-element_type=\"widget\" data-e-type=\"widget\" data-widget_type=\"icon-list.default\">\n\t\t\t\t<div class=\"elementor-widget-container\">\n\t\t\t\t\t\t\t<ul class=\"elementor-icon-list-items\">\n\t\t\t\t\t\t\t<li class=\"elementor-icon-list-item\">\n\t\t\t\t\t\t\t\t\t\t<span class=\"elementor-icon-list-text\">Weifang Integratechem Co, Ltd.<\/span>\n\t\t\t\t\t\t\t\t\t<\/li>\n\t\t\t\t\t\t\t\t<li class=\"elementor-icon-list-item\">\n\t\t\t\t\t\t\t\t\t\t\t<a href=\"tel:+865368956913\">\n\n\t\t\t\t\t\t\t\t\t\t\t<span class=\"elementor-icon-list-text\">Tel: +86 536 8956913<\/span>\n\t\t\t\t\t\t\t\t\t\t\t<\/a>\n\t\t\t\t\t\t\t\t\t<\/li>\n\t\t\t\t\t\t\t\t<li class=\"elementor-icon-list-item\">\n\t\t\t\t\t\t\t\t\t\t\t<a href=\"tel:+8613026568913\">\n\n\t\t\t\t\t\t\t\t\t\t\t<span class=\"elementor-icon-list-text\">Mob: +86-13026568913<\/span>\n\t\t\t\t\t\t\t\t\t\t\t<\/a>\n\t\t\t\t\t\t\t\t\t<\/li>\n\t\t\t\t\t\t\t\t<li class=\"elementor-icon-list-item\">\n\t\t\t\t\t\t\t\t\t\t\t<a href=\"mailto:info@integratechem.com\">\n\n\t\t\t\t\t\t\t\t\t\t\t<span class=\"elementor-icon-list-text\">E-posta: info@integratechem.com<\/span>\n\t\t\t\t\t\t\t\t\t\t\t<\/a>\n\t\t\t\t\t\t\t\t\t<\/li>\n\t\t\t\t\t\t\t\t<li class=\"elementor-icon-list-item\">\n\t\t\t\t\t\t\t\t\t\t<span class=\"elementor-icon-list-text\">Adres: No. 9266, Jiankang Do\u011fu Caddesi, Weifang, Shandong, \u00c7in<\/span>\n\t\t\t\t\t\t\t\t\t<\/li>\n\t\t\t\t\t\t<\/ul>\n\t\t\t\t\t\t<\/div>\n\t\t\t\t<\/div>\n\t\t\t\t<\/div>\n\t\t<div class=\"elementor-element elementor-element-6d3d4eb e-con-full e-flex e-con e-child\" data-id=\"6d3d4eb\" data-element_type=\"container\" data-e-type=\"container\">\n\t\t\t\t<div class=\"elementor-element elementor-element-3cf5d3c elementor-grid-1 elementor-grid-tablet-2 elementor-grid-mobile-1 elementor-posts--thumbnail-top elementor-widget elementor-widget-posts\" data-id=\"3cf5d3c\" data-element_type=\"widget\" data-e-type=\"widget\" data-settings=\"{&quot;classic_columns&quot;:&quot;1&quot;,&quot;classic_row_gap&quot;:{&quot;unit&quot;:&quot;px&quot;,&quot;size&quot;:20,&quot;sizes&quot;:[]},&quot;pagination_type&quot;:&quot;numbers_and_prev_next&quot;,&quot;classic_columns_tablet&quot;:&quot;2&quot;,&quot;classic_columns_mobile&quot;:&quot;1&quot;,&quot;classic_row_gap_tablet&quot;:{&quot;unit&quot;:&quot;px&quot;,&quot;size&quot;:&quot;&quot;,&quot;sizes&quot;:[]},&quot;classic_row_gap_mobile&quot;:{&quot;unit&quot;:&quot;px&quot;,&quot;size&quot;:&quot;&quot;,&quot;sizes&quot;:[]}}\" data-widget_type=\"posts.classic\">\n\t\t\t\t<div class=\"elementor-widget-container\">\n\t\t\t\t\t\t\t<div class=\"elementor-posts-container elementor-posts elementor-posts--skin-classic elementor-grid\" role=\"list\">\n\t\t\t\t<article class=\"elementor-post elementor-grid-item post-18812 post type-post status-publish format-standard has-post-thumbnail hentry category-exhibition-tr\" role=\"listitem\">\n\t\t\t\t<a class=\"elementor-post__thumbnail__link\" href=\"https:\/\/integratechem.com\/tr\/high-quality-acrylonitrile-for-leather\/\" tabindex=\"-1\" >\n\t\t\t<div class=\"elementor-post__thumbnail\"><img fetchpriority=\"high\" decoding=\"async\" width=\"300\" height=\"226\" src=\"https:\/\/i0.wp.com\/integratechem.com\/wp-content\/uploads\/2024\/06\/acetyl-triethyl-citrate.jpg?fit=300%2C226&amp;ssl=1\" class=\"attachment-medium size-medium wp-image-17206\" alt=\"\" srcset=\"https:\/\/i0.wp.com\/integratechem.com\/wp-content\/uploads\/2024\/06\/acetyl-triethyl-citrate.jpg?w=600&amp;ssl=1 600w, https:\/\/i0.wp.com\/integratechem.com\/wp-content\/uploads\/2024\/06\/acetyl-triethyl-citrate.jpg?resize=300%2C226&amp;ssl=1 300w\" sizes=\"(max-width: 300px) 100vw, 300px\" \/><\/div>\n\t\t<\/a>\n\t\t\t\t<div class=\"elementor-post__text\">\n\t\t\t\t<h2 class=\"elementor-post__title\">\n\t\t\t<a href=\"https:\/\/integratechem.com\/tr\/high-quality-acrylonitrile-for-leather\/\" >\n\t\t\t\tDeri i\u00e7in Y\u00fcksek Kaliteli Akrilonitril\t\t\t<\/a>\n\t\t<\/h2>\n\t\t\t\t<div class=\"elementor-post__meta-data\">\n\t\t\t\t\t<span class=\"elementor-post-date\">\n\t\t\t13 Haziran 2024\t\t<\/span>\n\t\t\t\t<\/div>\n\t\t\t\t<\/div>\n\t\t\t\t<\/article>\n\t\t\t\t<article class=\"elementor-post elementor-grid-item post-18814 post type-post status-publish format-standard has-post-thumbnail hentry category-exhibition-tr\" role=\"listitem\">\n\t\t\t\t<a class=\"elementor-post__thumbnail__link\" href=\"https:\/\/integratechem.com\/tr\/synthesis-of-bisphenol-a-epoxy-resin\/\" tabindex=\"-1\" >\n\t\t\t<div class=\"elementor-post__thumbnail\"><img decoding=\"async\" width=\"290\" height=\"300\" src=\"https:\/\/i0.wp.com\/integratechem.com\/wp-content\/uploads\/2024\/06\/triethyl-citrate.jpg?fit=290%2C300&amp;ssl=1\" class=\"attachment-medium size-medium wp-image-17194\" alt=\"\" srcset=\"https:\/\/i0.wp.com\/integratechem.com\/wp-content\/uploads\/2024\/06\/triethyl-citrate.jpg?w=600&amp;ssl=1 600w, https:\/\/i0.wp.com\/integratechem.com\/wp-content\/uploads\/2024\/06\/triethyl-citrate.jpg?resize=290%2C300&amp;ssl=1 290w\" sizes=\"(max-width: 290px) 100vw, 290px\" \/><\/div>\n\t\t<\/a>\n\t\t\t\t<div class=\"elementor-post__text\">\n\t\t\t\t<h2 class=\"elementor-post__title\">\n\t\t\t<a href=\"https:\/\/integratechem.com\/tr\/synthesis-of-bisphenol-a-epoxy-resin\/\" >\n\t\t\t\tBisfenol A epoksi re\u00e7ine sentezi\t\t\t<\/a>\n\t\t<\/h2>\n\t\t\t\t<div class=\"elementor-post__meta-data\">\n\t\t\t\t\t<span class=\"elementor-post-date\">\n\t\t\t13 Haziran 2024\t\t<\/span>\n\t\t\t\t<\/div>\n\t\t\t\t<\/div>\n\t\t\t\t<\/article>\n\t\t\t\t<article class=\"elementor-post elementor-grid-item post-18816 post type-post status-publish format-standard has-post-thumbnail hentry category-exhibition-tr\" role=\"listitem\">\n\t\t\t\t<a class=\"elementor-post__thumbnail__link\" href=\"https:\/\/integratechem.com\/tr\/isocyanate-curing-agent\/\" tabindex=\"-1\" >\n\t\t\t<div class=\"elementor-post__thumbnail\"><img decoding=\"async\" width=\"300\" height=\"169\" src=\"https:\/\/i0.wp.com\/integratechem.com\/wp-content\/uploads\/2024\/03\/blue-pallet-72.jpg?fit=300%2C169&amp;ssl=1\" class=\"attachment-medium size-medium wp-image-16510\" alt=\"\" srcset=\"https:\/\/i0.wp.com\/integratechem.com\/wp-content\/uploads\/2024\/03\/blue-pallet-72.jpg?w=960&amp;ssl=1 960w, https:\/\/i0.wp.com\/integratechem.com\/wp-content\/uploads\/2024\/03\/blue-pallet-72.jpg?resize=300%2C169&amp;ssl=1 300w, https:\/\/i0.wp.com\/integratechem.com\/wp-content\/uploads\/2024\/03\/blue-pallet-72.jpg?resize=768%2C432&amp;ssl=1 768w, https:\/\/i0.wp.com\/integratechem.com\/wp-content\/uploads\/2024\/03\/blue-pallet-72.jpg?resize=600%2C338&amp;ssl=1 600w\" sizes=\"(max-width: 300px) 100vw, 300px\" \/><\/div>\n\t\t<\/a>\n\t\t\t\t<div class=\"elementor-post__text\">\n\t\t\t\t<h2 class=\"elementor-post__title\">\n\t\t\t<a href=\"https:\/\/integratechem.com\/tr\/isocyanate-curing-agent\/\" >\n\t\t\t\t\u0130zosiyanat k\u00fcrleme maddesi\t\t\t<\/a>\n\t\t<\/h2>\n\t\t\t\t<div class=\"elementor-post__meta-data\">\n\t\t\t\t\t<span class=\"elementor-post-date\">\n\t\t\t2 Haziran 2024\t\t<\/span>\n\t\t\t\t<\/div>\n\t\t\t\t<\/div>\n\t\t\t\t<\/article>\n\t\t\t\t<\/div>\n\t\t\n\t\t\t\t\t\t<\/div>\n\t\t\t\t<\/div>\n\t\t\t\t<\/div>\n\t\t\t\t\t<\/div>\n\t\t\t\t<\/div>\n\t\t\t\t<\/div>\n\t\t","protected":false},"excerpt":{"rendered":"<p>\u0130lgili Ba\u011flant\u0131lar CAS No 77 94 1 CAS No 77 89 4 Y\u00fcksek Safl\u0131kta Tributil Sitrat Ak\u0131\u015fkanla\u015ft\u0131r\u0131c\u0131 Dimetil Ftalat Dib\u00fctil<\/p>\n","protected":false},"author":2,"featured_media":0,"parent":0,"menu_order":0,"comment_status":"closed","ping_status":"closed","template":"","meta":{"nf_dc_page":"","_uag_custom_page_level_css":"","_monsterinsights_skip_tracking":false,"_monsterinsights_sitenote_active":false,"_monsterinsights_sitenote_note":"","_monsterinsights_sitenote_category":0,"site-sidebar-layout":"no-sidebar","site-content-layout":"","ast-site-content-layout":"full-width-container","site-content-style":"default","site-sidebar-style":"default","ast-global-header-display":"","ast-banner-title-visibility":"","ast-main-header-display":"","ast-hfb-above-header-display":"","ast-hfb-below-header-display":"","ast-hfb-mobile-header-display":"","site-post-title":"disabled","ast-breadcrumbs-content":"","ast-featured-img":"disabled","footer-sml-layout":"","ast-disable-related-posts":"","theme-transparent-header-meta":"","adv-header-id-meta":"","stick-header-meta":"","header-above-stick-meta":"","header-main-stick-meta":"","header-below-stick-meta":"","astra-migrate-meta-layouts":"default","ast-page-background-enabled":"default","ast-page-background-meta":{"desktop":{"background-color":"var(--ast-global-color-4)","background-image":"","background-repeat":"repeat","background-position":"center center","background-size":"auto","background-attachment":"scroll","background-type":"","background-media":"","overlay-type":"","overlay-color":"","overlay-opacity":"","overlay-gradient":""},"tablet":{"background-color":"","background-image":"","background-repeat":"repeat","background-position":"center center","background-size":"auto","background-attachment":"scroll","background-type":"","background-media":"","overlay-type":"","overlay-color":"","overlay-opacity":"","overlay-gradient":""},"mobile":{"background-color":"","background-image":"","background-repeat":"repeat","background-position":"center center","background-size":"auto","background-attachment":"scroll","background-type":"","background-media":"","overlay-type":"","overlay-color":"","overlay-opacity":"","overlay-gradient":""}},"ast-content-background-meta":{"desktop":{"background-color":"var(--ast-global-color-5)","background-image":"","background-repeat":"repeat","background-position":"center center","background-size":"auto","background-attachment":"scroll","background-type":"","background-media":"","overlay-type":"","overlay-color":"","overlay-opacity":"","overlay-gradient":""},"tablet":{"background-color":"var(--ast-global-color-5)","background-image":"","background-repeat":"repeat","background-position":"center center","background-size":"auto","background-attachment":"scroll","background-type":"","background-media":"","overlay-type":"","overlay-color":"","overlay-opacity":"","overlay-gradient":""},"mobile":{"background-color":"var(--ast-global-color-5)","background-image":"","background-repeat":"repeat","background-position":"center center","background-size":"auto","background-attachment":"scroll","background-type":"","background-media":"","overlay-type":"","overlay-color":"","overlay-opacity":"","overlay-gradient":""}},"footnotes":""},"class_list":["post-18769","page","type-page","status-publish","hentry"],"yoast_head":"<!-- This site is optimized with the Yoast SEO Premium plugin v27.2 (Yoast SEO v27.4) - https:\/\/yoast.com\/product\/yoast-seo-premium-wordpress\/ -->\n<title>Sergi - Weifang Integratechem Co., Ltd.<\/title>\n<meta name=\"description\" content=\"Sergi\" \/>\n<meta name=\"robots\" content=\"index, follow, max-snippet:-1, max-image-preview:large, max-video-preview:-1\" \/>\n<link rel=\"canonical\" href=\"https:\/\/integratechem.com\/tr\/info\/\" \/>\n<meta property=\"og:locale\" content=\"tr_TR\" \/>\n<meta property=\"og:type\" content=\"article\" \/>\n<meta property=\"og:title\" content=\"Sergi\" \/>\n<meta property=\"og:description\" content=\"Sergi\" \/>\n<meta property=\"og:url\" content=\"https:\/\/integratechem.com\/tr\/info\/\" \/>\n<meta property=\"og:site_name\" content=\"Weifang Integratechem Co., Ltd.\" \/>\n<meta property=\"article:modified_time\" content=\"2024-11-08T03:05:00+00:00\" \/>\n<meta name=\"twitter:card\" content=\"summary_large_image\" \/>\n<meta name=\"twitter:label1\" content=\"Tahmini okuma s\u00fcresi\" \/>\n\t<meta name=\"twitter:data1\" content=\"1 dakika\" \/>\n<script type=\"application\/ld+json\" class=\"yoast-schema-graph\">{\"@context\":\"https:\\\/\\\/schema.org\",\"@graph\":[{\"@type\":\"WebPage\",\"@id\":\"https:\\\/\\\/integratechem.com\\\/tr\\\/info\\\/\",\"url\":\"https:\\\/\\\/integratechem.com\\\/tr\\\/info\\\/\",\"name\":\"Sergi - Weifang Integratechem Co., Ltd.\",\"isPartOf\":{\"@id\":\"https:\\\/\\\/integratechem.com\\\/tr\\\/#website\"},\"datePublished\":\"2024-03-20T14:59:42+00:00\",\"dateModified\":\"2024-11-08T03:05:00+00:00\",\"description\":\"Sergi\",\"breadcrumb\":{\"@id\":\"https:\\\/\\\/integratechem.com\\\/tr\\\/info\\\/#breadcrumb\"},\"inLanguage\":\"tr\",\"potentialAction\":[{\"@type\":\"ReadAction\",\"target\":[\"https:\\\/\\\/integratechem.com\\\/tr\\\/info\\\/\"]}]},{\"@type\":\"BreadcrumbList\",\"@id\":\"https:\\\/\\\/integratechem.com\\\/tr\\\/info\\\/#breadcrumb\",\"itemListElement\":[{\"@type\":\"ListItem\",\"position\":1,\"name\":\"Home\",\"item\":\"https:\\\/\\\/integratechem.com\\\/tr\\\/home\\\/\"},{\"@type\":\"ListItem\",\"position\":2,\"name\":\"Sergi\"}]},{\"@type\":\"WebSite\",\"@id\":\"https:\\\/\\\/integratechem.com\\\/tr\\\/#website\",\"url\":\"https:\\\/\\\/integratechem.com\\\/tr\\\/\",\"name\":\"Weifang Integratechem Co., Ltd.\",\"description\":\"Organic Esters Manufacturers and Suppliers China - Factory - Integratechem\",\"publisher\":{\"@id\":\"https:\\\/\\\/integratechem.com\\\/tr\\\/#organization\"},\"alternateName\":\"Integratechem\",\"potentialAction\":[{\"@type\":\"SearchAction\",\"target\":{\"@type\":\"EntryPoint\",\"urlTemplate\":\"https:\\\/\\\/integratechem.com\\\/tr\\\/?s={search_term_string}\"},\"query-input\":{\"@type\":\"PropertyValueSpecification\",\"valueRequired\":true,\"valueName\":\"search_term_string\"}}],\"inLanguage\":\"tr\"},{\"@type\":\"Organization\",\"@id\":\"https:\\\/\\\/integratechem.com\\\/tr\\\/#organization\",\"name\":\"Weifang Integratechem Co., Ltd.\",\"alternateName\":\"Integratechem\",\"url\":\"https:\\\/\\\/integratechem.com\\\/tr\\\/\",\"logo\":{\"@type\":\"ImageObject\",\"inLanguage\":\"tr\",\"@id\":\"https:\\\/\\\/integratechem.com\\\/tr\\\/#\\\/schema\\\/logo\\\/image\\\/\",\"url\":\"https:\\\/\\\/i0.wp.com\\\/integratechem.com\\\/wp-content\\\/uploads\\\/2022\\\/04\\\/Logo_v1.0.png?fit=613%2C148&ssl=1\",\"contentUrl\":\"https:\\\/\\\/i0.wp.com\\\/integratechem.com\\\/wp-content\\\/uploads\\\/2022\\\/04\\\/Logo_v1.0.png?fit=613%2C148&ssl=1\",\"width\":613,\"height\":148,\"caption\":\"Weifang Integratechem Co., Ltd.\"},\"image\":{\"@id\":\"https:\\\/\\\/integratechem.com\\\/tr\\\/#\\\/schema\\\/logo\\\/image\\\/\"},\"description\":\"Weifang Integrated Chemical Co., Ltd is located in Weifang City, China. We are a leading, experienced and professional supplier of organic ester chemicals. Currently, we produce and supply a series of organic ester products, which are used as solvents, plasticizers and organic synthesis intermediates for the production of coatings, inks, adhesives, plastics, resins, rubber, pesticides, etc. We are continuously committed to providing customers with high-quality products, competitive prices and continuous services to meet customer needs. Over the years, our products have been exported to Asia, Europe, the Middle East, America and other countries and regions, and have been well received by users and have won a good reputation. We work closely with our customers to deliver products and solutions that create value and competitive advantage. Companies or organizations from all over the world are warmly welcome to contact us to discuss business and cooperation.\",\"email\":\"info@integratechem.com\",\"telephone\":\"+86 536 8956913\",\"legalName\":\"Weifang Integratechem Co., Ltd.\"}]}<\/script>\n<!-- \/ Yoast SEO Premium plugin. -->","yoast_head_json":{"title":"Sergi - Weifang Integratechem Co., Ltd.","description":"Sergi","robots":{"index":"index","follow":"follow","max-snippet":"max-snippet:-1","max-image-preview":"max-image-preview:large","max-video-preview":"max-video-preview:-1"},"canonical":"https:\/\/integratechem.com\/tr\/info\/","og_locale":"tr_TR","og_type":"article","og_title":"Sergi","og_description":"Sergi","og_url":"https:\/\/integratechem.com\/tr\/info\/","og_site_name":"Weifang Integratechem Co., Ltd.","article_modified_time":"2024-11-08T03:05:00+00:00","twitter_card":"summary_large_image","twitter_misc":{"Tahmini okuma s\u00fcresi":"1 dakika"},"schema":{"@context":"https:\/\/schema.org","@graph":[{"@type":"WebPage","@id":"https:\/\/integratechem.com\/tr\/info\/","url":"https:\/\/integratechem.com\/tr\/info\/","name":"Sergi - Weifang Integratechem Co., Ltd.","isPartOf":{"@id":"https:\/\/integratechem.com\/tr\/#website"},"datePublished":"2024-03-20T14:59:42+00:00","dateModified":"2024-11-08T03:05:00+00:00","description":"Sergi","breadcrumb":{"@id":"https:\/\/integratechem.com\/tr\/info\/#breadcrumb"},"inLanguage":"tr","potentialAction":[{"@type":"ReadAction","target":["https:\/\/integratechem.com\/tr\/info\/"]}]},{"@type":"BreadcrumbList","@id":"https:\/\/integratechem.com\/tr\/info\/#breadcrumb","itemListElement":[{"@type":"ListItem","position":1,"name":"Home","item":"https:\/\/integratechem.com\/tr\/home\/"},{"@type":"ListItem","position":2,"name":"Sergi"}]},{"@type":"WebSite","@id":"https:\/\/integratechem.com\/tr\/#website","url":"https:\/\/integratechem.com\/tr\/","name":"Weifang Integratechem Co., Ltd.","description":"Organic Esters Manufacturers and Suppliers China - Factory - Integratechem","publisher":{"@id":"https:\/\/integratechem.com\/tr\/#organization"},"alternateName":"Integratechem","potentialAction":[{"@type":"SearchAction","target":{"@type":"EntryPoint","urlTemplate":"https:\/\/integratechem.com\/tr\/?s={search_term_string}"},"query-input":{"@type":"PropertyValueSpecification","valueRequired":true,"valueName":"search_term_string"}}],"inLanguage":"tr"},{"@type":"Organization","@id":"https:\/\/integratechem.com\/tr\/#organization","name":"Weifang Integratechem Co., Ltd.","alternateName":"Integratechem","url":"https:\/\/integratechem.com\/tr\/","logo":{"@type":"ImageObject","inLanguage":"tr","@id":"https:\/\/integratechem.com\/tr\/#\/schema\/logo\/image\/","url":"https:\/\/i0.wp.com\/integratechem.com\/wp-content\/uploads\/2022\/04\/Logo_v1.0.png?fit=613%2C148&ssl=1","contentUrl":"https:\/\/i0.wp.com\/integratechem.com\/wp-content\/uploads\/2022\/04\/Logo_v1.0.png?fit=613%2C148&ssl=1","width":613,"height":148,"caption":"Weifang Integratechem Co., Ltd."},"image":{"@id":"https:\/\/integratechem.com\/tr\/#\/schema\/logo\/image\/"},"description":"Weifang Integrated Chemical Co., Ltd is located in Weifang City, China. We are a leading, experienced and professional supplier of organic ester chemicals. Currently, we produce and supply a series of organic ester products, which are used as solvents, plasticizers and organic synthesis intermediates for the production of coatings, inks, adhesives, plastics, resins, rubber, pesticides, etc. We are continuously committed to providing customers with high-quality products, competitive prices and continuous services to meet customer needs. Over the years, our products have been exported to Asia, Europe, the Middle East, America and other countries and regions, and have been well received by users and have won a good reputation. We work closely with our customers to deliver products and solutions that create value and competitive advantage. Companies or organizations from all over the world are warmly welcome to contact us to discuss business and cooperation.","email":"info@integratechem.com","telephone":"+86 536 8956913","legalName":"Weifang Integratechem Co., Ltd."}]}},"uagb_featured_image_src":{"full":false,"thumbnail":false,"medium":false,"medium_large":false,"large":false,"1536x1536":false,"2048x2048":false},"uagb_author_info":{"display_name":"Hongjian Wang","author_link":"https:\/\/integratechem.com\/tr\/author\/wanghongjian1088\/"},"uagb_comment_info":0,"uagb_excerpt":"\u0130lgili Ba\u011flant\u0131lar CAS No 77 94 1 CAS No 77 89 4 Y\u00fcksek Safl\u0131kta Tributil Sitrat Ak\u0131\u015fkanla\u015ft\u0131r\u0131c\u0131 Dimetil Ftalat Dib\u00fctil","jetpack_sharing_enabled":true,"_links":{"self":[{"href":"https:\/\/integratechem.com\/tr\/wp-json\/wp\/v2\/pages\/18769","targetHints":{"allow":["GET"]}}],"collection":[{"href":"https:\/\/integratechem.com\/tr\/wp-json\/wp\/v2\/pages"}],"about":[{"href":"https:\/\/integratechem.com\/tr\/wp-json\/wp\/v2\/types\/page"}],"author":[{"embeddable":true,"href":"https:\/\/integratechem.com\/tr\/wp-json\/wp\/v2\/users\/2"}],"replies":[{"embeddable":true,"href":"https:\/\/integratechem.com\/tr\/wp-json\/wp\/v2\/comments?post=18769"}],"version-history":[{"count":4,"href":"https:\/\/integratechem.com\/tr\/wp-json\/wp\/v2\/pages\/18769\/revisions"}],"predecessor-version":[{"id":18808,"href":"https:\/\/integratechem.com\/tr\/wp-json\/wp\/v2\/pages\/18769\/revisions\/18808"}],"wp:attachment":[{"href":"https:\/\/integratechem.com\/tr\/wp-json\/wp\/v2\/media?parent=18769"}],"curies":[{"name":"wp","href":"https:\/\/api.w.org\/{rel}","templated":true}]}}